{"id":729,"date":"2025-04-10T18:33:04","date_gmt":"2025-04-10T18:33:04","guid":{"rendered":"https:\/\/impactomundial.org\/?page_id=729"},"modified":"2025-05-01T08:07:01","modified_gmt":"2025-05-01T08:07:01","slug":"suport-mission","status":"publish","type":"page","link":"https:\/\/impactomundial.org\/es\/suport-mission\/","title":{"rendered":"Dar"},"content":{"rendered":"<div data-elementor-type=\"wp-page\" data-elementor-id=\"729\" class=\"elementor elementor-729\">\n\t\t\t\t<div class=\"aux-parallax-section elementor-element elementor-element-af3f72e e-flex e-con-boxed e-con e-parent\" data-id=\"af3f72e\" data-element_type=\"container\" data-settings=\"{&quot;background_background&quot;:&quot;classic&quot;}\">\n\t\t\t\t\t<div class=\"e-con-inner\">\n\t\t\t\t<div class=\"elementor-element elementor-element-012276b elementor-widget elementor-widget-aux_modern_heading\" data-id=\"012276b\" data-element_type=\"widget\" data-widget_type=\"aux_modern_heading.default\">\n\t\t\t\t<div class=\"elementor-widget-container\">\n\t\t\t\t\t<section class=\"aux-widget-modern-heading\">\n            <div class=\"aux-widget-inner\"><h2 class=\"aux-modern-heading-primary\">S\u00e9 parte de la <br>\nGran Comisi\u00f3n <\/h2><div class=\"aux-modern-heading-description\"><p class=\"p1\">Tu ofrenda ayuda a enviar misioneros a los no alcanzados, equip\u00e1ndolos para servir con el Evangelio donde Cristo a\u00fan no es conocido.<\/p><\/div><\/div>\n        <\/section>\t\t\t\t<\/div>\n\t\t\t\t<\/div>\n\t\t\t\t\t<\/div>\n\t\t\t\t<\/div>\n\t\t<div class=\"aux-parallax-section elementor-element elementor-element-c72f3f7 e-flex e-con-boxed e-con e-parent\" data-id=\"c72f3f7\" data-element_type=\"container\">\n\t\t\t\t\t<div class=\"e-con-inner\">\n\t\t<div class=\"elementor-element elementor-element-f38eddf e-con-full e-flex e-con e-child\" data-id=\"f38eddf\" data-element_type=\"container\">\n\t\t\t\t<div class=\"elementor-element elementor-element-034dc5d elementor-widget elementor-widget-aux_modern_heading\" data-id=\"034dc5d\" data-element_type=\"widget\" data-widget_type=\"aux_modern_heading.default\">\n\t\t\t\t<div class=\"elementor-widget-container\">\n\t\t\t\t\t<section class=\"aux-widget-modern-heading\">\n            <div class=\"aux-widget-inner\"><h2 class=\"aux-modern-heading-primary\">\u00bfTienes preguntas o quieres conectarte con nosotros?<\/h2><div class=\"aux-modern-heading-description\"><p>\u00a1Nos encantar\u00eda saber de ti! No dudes en comunicarte con nosotros en cualquier momento.<\/p><p>\ud83d\udce7 <strong data-start=\"166\" data-end=\"176\">Correo:<\/strong> <a href=\"mailto:\/\/oficinaprincipal.im@gmail.com\">oficinaprincipal.im@gmail.com<\/a><br data-start=\"204\" data-end=\"207\" \/>\ud83d\udcde <strong data-start=\"210\" data-end=\"229\">Telf.\/Whatsapp:<\/strong> <a href=\"tel:+593939448711\">+593 93 944 8711<\/a><\/p><p class=\"\" data-start=\"250\" data-end=\"345\">Estamos aqu\u00ed para orar contigo, responder tus preguntas o ayudarte a dar el siguiente paso en las misiones.<\/p><\/div><\/div>\n        <\/section>\t\t\t\t<\/div>\n\t\t\t\t<\/div>\n\t\t\t\t<\/div>\n\t\t<div class=\"elementor-element elementor-element-1299884 e-con-full e-flex e-con e-child\" data-id=\"1299884\" data-element_type=\"container\">\n\t\t\t\t<div class=\"elementor-element elementor-element-e33b8a0 elementor-widget elementor-widget-text-editor\" data-id=\"e33b8a0\" data-element_type=\"widget\" data-widget_type=\"text-editor.default\">\n\t\t\t\t<div class=\"elementor-widget-container\">\n\t\t\t\t\t\t\t\t\t<p><div class='root-data-givewp-embed' data-form-locale='es_EC' data-form-url='https:\/\/impactomundial.org\/?post_type=give_forms&#038;p=743' data-form-view-url='https:\/\/impactomundial.org\/es\/?givewp-route=donation-form-view&#038;form-id=743' data-src='https:\/\/impactomundial.org\/es\/?givewp-route=donation-form-view&#038;form-id=743' data-givewp-embed-id='give-form-shortcode-1' data-form-format='' data-open-form-button='Donate now' style='--givewp-primary-color: #aec90c; --givewp-secondary-color: #1f386a;'><\/div><\/p>\t\t\t\t\t\t\t\t<\/div>\n\t\t\t\t<\/div>\n\t\t\t\t<\/div>\n\t\t\t\t\t<\/div>\n\t\t\t\t<\/div>\n\t\t<div class=\"aux-parallax-section elementor-element elementor-element-b02ee76 e-flex e-con-boxed e-con e-parent\" data-id=\"b02ee76\" data-element_type=\"container\" data-settings=\"{&quot;background_background&quot;:&quot;classic&quot;}\">\n\t\t\t\t\t<div class=\"e-con-inner\">\n\t\t\t\t<div class=\"elementor-element elementor-element-0f2b533 elementor-widget elementor-widget-aux_modern_heading\" data-id=\"0f2b533\" data-element_type=\"widget\" data-widget_type=\"aux_modern_heading.default\">\n\t\t\t\t<div class=\"elementor-widget-container\">\n\t\t\t\t\t<section class=\"aux-widget-modern-heading\">\n            <div class=\"aux-widget-inner\"><h2 class=\"aux-modern-heading-primary\">La mies es mucha, mas los obreros pocos.. (Mateo 9:37-38<\/h2><div class=\"aux-modern-heading-description\"><p class=\"p1\"><b>La necesidad es grande, y los obreros son pocos.<\/b><b><\/b><\/p><p class=\"p2\">Jes\u00fas nos llama a orar, enviar e ir. La cosecha est\u00e1 lista. \u00bfResponder\u00e1s t\u00fa?<\/p><\/div><\/div>\n        <\/section>\t\t\t\t<\/div>\n\t\t\t\t<\/div>\n\t\t\t\t\t<\/div>\n\t\t\t\t<\/div>\n\t\t<div class=\"aux-parallax-section elementor-element elementor-element-d14a9dd e-flex e-con-boxed e-con e-parent\" data-id=\"d14a9dd\" data-element_type=\"container\">\n\t\t\t\t\t<div class=\"e-con-inner\">\n\t\t\t\t<div class=\"elementor-element elementor-element-1c54040 elementor-widget elementor-widget-aux_modern_heading\" data-id=\"1c54040\" data-element_type=\"widget\" data-widget_type=\"aux_modern_heading.default\">\n\t\t\t\t<div class=\"elementor-widget-container\">\n\t\t\t\t\t<section class=\"aux-widget-modern-heading\">\n            <div class=\"aux-widget-inner\"><h2 class=\"aux-modern-heading-primary\">\u00bfQuieres ayudar de otra manera?<\/h2><div class=\"aux-modern-heading-description\"><p class=\"\" data-start=\"129\" data-end=\"248\">Si deseas apoyar a Impacto Mundial de otra manera o necesitas m\u00e1s informaci\u00f3n, nos encantar\u00eda conectarnos contigo.<\/p><\/div><\/div>\n        <\/section>\t\t\t\t<\/div>\n\t\t\t\t<\/div>\n\t\t\t\t<div class=\"elementor-element elementor-element-dd76159 elementor-widget elementor-widget-aux_contact_form\" data-id=\"dd76159\" data-element_type=\"widget\" data-widget_type=\"aux_contact_form.default\">\n\t\t\t\t<div class=\"elementor-widget-container\">\n\t\t\t\t\t<section class=\"widget-container aux-widget-contact-form aux-parent-aud75f1652\">            <div class=\"aux-col-wrapper aux-no-gutter\">\n            <!-- @TODO - The output for element here -->\n\n            \n<div class=\"wpcf7 no-js\" id=\"wpcf7-f11-o1\" lang=\"en-US\" dir=\"ltr\" data-wpcf7-id=\"11\">\n<div class=\"screen-reader-response\"><p role=\"status\" aria-live=\"polite\" aria-atomic=\"true\"><\/p> <ul><\/ul><\/div>\n<form action=\"\/es\/wp-json\/wp\/v2\/pages\/729#wpcf7-f11-o1\" method=\"post\" class=\"wpcf7-form init\" aria-label=\"Contact form\" novalidate=\"novalidate\" data-status=\"init\" data-trp-original-action=\"\/es\/wp-json\/wp\/v2\/pages\/729#wpcf7-f11-o1\">\n<fieldset class=\"hidden-fields-container\"><input type=\"hidden\" name=\"_wpcf7\" value=\"11\" \/><input type=\"hidden\" name=\"_wpcf7_version\" value=\"6.1.2\" \/><input type=\"hidden\" name=\"_wpcf7_locale\" value=\"en_US\" \/><input type=\"hidden\" name=\"_wpcf7_unit_tag\" value=\"wpcf7-f11-o1\" \/><input type=\"hidden\" name=\"_wpcf7_container_post\" value=\"0\" \/><input type=\"hidden\" name=\"_wpcf7_posted_data_hash\" value=\"\" \/>\n<\/fieldset>\n<p><label> Tus nombres completos<br \/>\n<span class=\"wpcf7-form-control-wrap\" data-name=\"your-name\"><input size=\"40\" maxlength=\"400\" class=\"wpcf7-form-control wpcf7-text wpcf7-validates-as-required\" autocomplete=\"name\" aria-required=\"true\" aria-invalid=\"false\" value=\"\" type=\"text\" name=\"your-name\" \/><\/span> <\/label>\n<\/p>\n<p><label> Tu correo<br \/>\n<span class=\"wpcf7-form-control-wrap\" data-name=\"your-email\"><input size=\"40\" maxlength=\"400\" class=\"wpcf7-form-control wpcf7-email wpcf7-validates-as-required wpcf7-text wpcf7-validates-as-email\" autocomplete=\"email\" aria-required=\"true\" aria-invalid=\"false\" value=\"\" type=\"email\" name=\"your-email\" \/><\/span> <\/label>\n<\/p>\n<p><label> Tu tel\u00e9fono<br \/>\n<span class=\"wpcf7-form-control-wrap\" data-name=\"your-tel\"><input size=\"40\" maxlength=\"400\" class=\"wpcf7-form-control wpcf7-tel wpcf7-validates-as-required wpcf7-text wpcf7-validates-as-tel\" aria-required=\"true\" aria-invalid=\"false\" value=\"\" type=\"tel\" name=\"your-tel\" \/><\/span> <\/label>\n<\/p>\n<p><label> Asunto<br \/>\n<span class=\"wpcf7-form-control-wrap\" data-name=\"your-subject\"><input size=\"40\" maxlength=\"400\" class=\"wpcf7-form-control wpcf7-text wpcf7-validates-as-required\" aria-required=\"true\" aria-invalid=\"false\" value=\"\" type=\"text\" name=\"your-subject\" \/><\/span> <\/label>\n<\/p>\n<p><label> Mensaje (opcional)<br \/>\n<span class=\"wpcf7-form-control-wrap\" data-name=\"your-message\"><textarea cols=\"40\" rows=\"10\" maxlength=\"2000\" class=\"wpcf7-form-control wpcf7-textarea\" aria-invalid=\"false\" name=\"your-message\"><\/textarea><\/span> <\/label>\n<\/p>\n<p><input class=\"wpcf7-form-control wpcf7-submit has-spinner\" type=\"submit\" value=\"Enviar\" \/>\n<\/p><div class=\"wpcf7-response-output\" aria-hidden=\"true\"><\/div>\n<input type=\"hidden\" name=\"trp-form-language\" value=\"es\"\/><\/form>\n<\/div>\n\n\n            <\/div><!-- aux-col-wrapper -->\n    <\/section><!-- widget-container -->\t\t\t\t<\/div>\n\t\t\t\t<\/div>\n\t\t\t\t\t<\/div>\n\t\t\t\t<\/div>\n\t\t\t\t<\/div>","protected":false},"excerpt":{"rendered":"<p>Partner in the Great Commission Your gift helps send missionaries to the unreached\u2014equipping them to serve with the Gospel where Christ is not yet known. Have Questions or Want to Connect? We\u2019d love to hear from you! Feel free to reach out anytime. \ud83d\udce7 Email: oficinaprincipal.im@gmail.com\ud83d\udcde Phone\/WhatsApp: +593 93 944 8711 We&#8217;re here to pray [&hellip;]<\/p>","protected":false},"author":1,"featured_media":0,"parent":0,"menu_order":0,"comment_status":"closed","ping_status":"closed","template":"templates\/page-builder-content.php","meta":{"give_campaign_id":0,"footnotes":""},"class_list":["post-729","page","type-page","status-publish","hentry"],"campaignId":"","_links":{"self":[{"href":"https:\/\/impactomundial.org\/es\/wp-json\/wp\/v2\/pages\/729","targetHints":{"allow":["GET"]}}],"collection":[{"href":"https:\/\/impactomundial.org\/es\/wp-json\/wp\/v2\/pages"}],"about":[{"href":"https:\/\/impactomundial.org\/es\/wp-json\/wp\/v2\/types\/page"}],"author":[{"embeddable":true,"href":"https:\/\/impactomundial.org\/es\/wp-json\/wp\/v2\/users\/1"}],"replies":[{"embeddable":true,"href":"https:\/\/impactomundial.org\/es\/wp-json\/wp\/v2\/comments?post=729"}],"version-history":[{"count":180,"href":"https:\/\/impactomundial.org\/es\/wp-json\/wp\/v2\/pages\/729\/revisions"}],"predecessor-version":[{"id":1870,"href":"https:\/\/impactomundial.org\/es\/wp-json\/wp\/v2\/pages\/729\/revisions\/1870"}],"wp:attachment":[{"href":"https:\/\/impactomundial.org\/es\/wp-json\/wp\/v2\/media?parent=729"}],"curies":[{"name":"wp","href":"https:\/\/api.w.org\/{rel}","templated":true}]}}